{"id":94,"date":"2016-01-30T23:57:17","date_gmt":"2016-01-30T23:57:17","guid":{"rendered":"http:\/\/www.calatonia.org\/es\/?page_id=94"},"modified":"2019-06-03T16:36:40","modified_gmt":"2019-06-03T14:36:40","slug":"quienes-puede-beneficiarse","status":"publish","type":"page","link":"https:\/\/www.calatonia.org\/es\/quienes-puede-beneficiarse\/","title":{"rendered":"Quienes puede beneficiarse \u00a0"},"content":{"rendered":"<p>En principio, cualquier persona podr\u00e1 beneficiarse de la Calatonia para obtener una relajaci\u00f3n profunda y un ajuste en la autorregulaci\u00f3n fisio-ps\u00edquica. Pero tal trabajo deber\u00e1 ser siempre acompa\u00f1ado por un profesional habilitado, capaz de evaluar y elaborar con el paciente, sus reacciones a la t\u00e9cnica, as\u00ed como las posibles contraindicaciones a la aplicaci\u00f3n del m\u00e9todo.<\/p>\n<p>Aunque la utilizaci\u00f3n de Calatonia no tiene resultados espec\u00edficos (ya que la reorganizaci\u00f3n psicofisica es global, y cada organismo reacciona a su propia manera individual y \u00fanica) esta t\u00e9cnica act\u00faa sobre una variada gama de quejas ante las cuales se han observado resultados bastante positivos .<\/p>\n<p style=\"text-align: left\">Adem\u00e1s de funcionar esencialmente como una t\u00e9cnica de relajaci\u00f3n, la calatonia y los toques sutiles pueden actuar tambi\u00e9n en las diferentes \u00e1reas de la medicina, asociadas a otros enfoques en psicolog\u00eda, pedagog\u00eda, fonoaudiolog\u00eda y en la terapia ocupacional, con adultos y ancianos. Pueden tener buenos resultados en la asistencia social, en las artes, en el deporte, en la vida religiosa, en los ejercicios meditativos y contemplativos.<\/p>\n<p style=\"text-align: left\">Por otro lado, tambi\u00e9n pueden ser utilizadas, de forma preventiva, en la educaci\u00f3n de ni\u00f1os y adolescentes, buscando el desarrollo de la autoconfianza, de la concentraci\u00f3n y del respeto por el propio cuerpo.<\/p>\n<p style=\"text-align: left\">Algunas t\u00e9cnicas tambi\u00e9n pueden ser aplicadas a pacientes internados en hospitales (politraumatismos, pre y post-quir\u00fargicos, pacientes portadores de enfermedades cr\u00f3nicas); asociadas a la quimioterapia, disminuyen los s\u00edntomas secundarios derivados del tratamiento del c\u00e1ncer. En la odontolog\u00eda ayudan a disminuir la tensi\u00f3n temporomandibular, causante del bruxismo. Los pacientes psiqui\u00e1tricos tambi\u00e9n se benefician con esta t\u00e9cnica, en la medida en que ayuda a desarrollar una noci\u00f3n del propio cuerpo y mejora el v\u00ednculo terapeuta-paciente.<\/p>\n<p style=\"text-align: left\">Todos los procedimientos pueden ser utilizados en sesiones de psicoterapia, buscando la integraci\u00f3n cuerpo-mente, promoviendo la relajaci\u00f3n del cuerpo, facilitando el proceso de recuperaci\u00f3n de recuerdos olvidados o reprimidos, y ayudando a desarrollar creatividad con el posible surgimiento de im\u00e1genes que brotan espont\u00e1neamente durante la relajaci\u00f3n.<\/p>\n","protected":false},"excerpt":{"rendered":"<p>En principio, cualquier persona podr\u00e1 beneficiarse de la Calatonia para obtener una relajaci\u00f3n profunda y un ajuste en la autorregulaci\u00f3n fisio-ps\u00edquica. Pero tal trabajo deber\u00e1 ser siempre acompa\u00f1ado por un profesional habilitado, capaz de evaluar y elaborar con el paciente, sus reacciones a la t\u00e9cnica, as\u00ed como las posibles contraindicaciones a la aplicaci\u00f3n del m\u00e9todo. &hellip; <a href=\"https:\/\/www.calatonia.org\/es\/quienes-puede-beneficiarse\/\" class=\"more-link\">Seguir leyendo <span class=\"screen-reader-text\">Quienes puede beneficiarse \u00a0<\/span> <span class=\"meta-nav\">&rarr;<\/span><\/a><\/p>\n","protected":false},"author":1,"featured_media":0,"parent":0,"menu_order":0,"comment_status":"closed","ping_status":"closed","template":"","meta":{"_acf_changed":false,"footnotes":""},"class_list":["post-94","page","type-page","status-publish","hentry"],"acf":[],"_links":{"self":[{"href":"https:\/\/www.calatonia.org\/es\/wp-json\/wp\/v2\/pages\/94","targetHints":{"allow":["GET"]}}],"collection":[{"href":"https:\/\/www.calatonia.org\/es\/wp-json\/wp\/v2\/pages"}],"about":[{"href":"https:\/\/www.calatonia.org\/es\/wp-json\/wp\/v2\/types\/page"}],"author":[{"embeddable":true,"href":"https:\/\/www.calatonia.org\/es\/wp-json\/wp\/v2\/users\/1"}],"replies":[{"embeddable":true,"href":"https:\/\/www.calatonia.org\/es\/wp-json\/wp\/v2\/comments?post=94"}],"version-history":[{"count":4,"href":"https:\/\/www.calatonia.org\/es\/wp-json\/wp\/v2\/pages\/94\/revisions"}],"predecessor-version":[{"id":166,"href":"https:\/\/www.calatonia.org\/es\/wp-json\/wp\/v2\/pages\/94\/revisions\/166"}],"wp:attachment":[{"href":"https:\/\/www.calatonia.org\/es\/wp-json\/wp\/v2\/media?parent=94"}],"curies":[{"name":"wp","href":"https:\/\/api.w.org\/{rel}","templated":true}]}}