{"id":31,"date":"2015-09-07T14:59:30","date_gmt":"2015-09-07T14:59:30","guid":{"rendered":"http:\/\/www.calatonia.org\/?page_id=31"},"modified":"2019-12-09T20:48:53","modified_gmt":"2019-12-09T19:48:53","slug":"profesionales","status":"publish","type":"page","link":"https:\/\/www.calatonia.org\/es\/profesionales\/","title":{"rendered":"Profesionales"},"content":{"rendered":"<p style=\"text-align: right;\"><strong>Profissionales que Trabajan con Calatonia:<\/strong><\/p>\n<p style=\"text-align: right;\"><a href=\"http:\/\/www.calatonia.org\/es\/?page_id=198&amp;preview=true\">Lista de Profesionales<\/a><\/p>\n<p>Calatonia se puede integrar en el proceso terap\u00e9utico por psic\u00f3logo titulados o terapeutas y psicoterapeutas licensiados. El profesional debe estudiar la teor\u00eda de apoyo de las t\u00e9cnicas, y obtener supervision para su experiencia cl\u00ednica. Los terapeutas tambi\u00e9n tiene que experimentar ellos mismos el proceso de Calatonia y toque sutil para integrar el m\u00e9todo en los niveles psicol\u00f3gicos y experienciales, no intelectualmente solamente.<\/p>\n<p style=\"text-align: justify;\">Es importante hacer una advertencia de que no hay toques espec\u00edficos para quejas espec\u00edficas, es por essa razon que es tan importante para que los profesionales tengan una comprensi\u00f3n completa de la teor\u00eda, as\u00ed como habilidades para el uso de las t\u00e9cnicas. El terapeuta en \u00faltima instancia es responsable por la selecci\u00f3n de la t\u00e9cnica que es la m\u00e1s apropiada en cualquer momento particular en el proceso terap\u00e9utico del paciente, bajo una buena experiencia clin\u00ednica y no por \u00abprescripci\u00f3n preestablecida&#8217;.<br \/>\nEl curso impartido por Petho S\u00e1ndor requiere un m\u00ednimo de una licenciatura en psicolog\u00eda o en las \u00e1reas de educaci\u00f3n, enfermer\u00eda, campo de la medicina, fisioterapia, terapias ocupacionales o del habla, y el trabajo social.<\/p>\n<p style=\"text-align: justify;\">(Requisitos para\u00a0 forma\u00e7\u00e3o de Calatonia)<br \/>\n<strong>Requisitos para h<\/strong><strong>acerse <\/strong><strong>un capacitador\/facilitador de taller<\/strong><strong>es de<\/strong><strong> Calatonia y toque sutil<\/strong><\/p>\n<p style=\"text-align: justify;\"><strong>Capacitaci\u00f3n en Calatonia\u00ae y Toque Sutil\u2122*<\/strong><\/p>\n<p style=\"text-align: justify;\">Aprobado (por Comisi\u00f3n CID) requisitos para hacerse en un entrenador\/facilitador\/capacitador<\/p>\n<p style=\"text-align: justify;\">Calatonia es una marca registrada y toque sutil es una marca comercial<\/p>\n<p style=\"text-align: justify;\">* Est\u00e1ndares de calidad m\u00ednimos definidos por los derechos de marca registrada<\/p>\n<p style=\"text-align: justify;\">1) Sobre el CID y de la Formaci\u00f3n y la Investigaci\u00f3n de la Comisi\u00f3n<\/p>\n<p style=\"text-align: justify;\">2) Requisitos para convertirse en un maestro\/formador, entrenador y supervisor<\/p>\n<p style=\"text-align: justify;\">3) el contenido b\u00e1sico de conferencias, cursos y talleres<\/p>\n<p style=\"text-align: justify;\">1) Sobre el CID &#8211; Centro de Integra\u00e7\u00e3o e Desenvolvimento<\/p>\n<p style=\"text-align: justify;\">(Centro para la Integraci\u00f3n y el Desarrollo)<\/p>\n<p style=\"text-align: justify;\">El CID fue creado por Petho S\u00e1ndor y m\u00e1s tarde formaliz\u00f3 como una asociaci\u00f3n profesional por un grupo de psicoterapeutas e investigadores que estudiaron directamente con Petho S\u00e1ndor (y\/o con sus estudiantes) la teor\u00eda y la pr\u00e1ctica de Toque Sutil\u2122 y Calatonia\u00ae.<\/p>\n<p style=\"text-align: justify;\">La Formaci\u00f3n Profesional e Commision de investigaci\u00f3n<\/p>\n<p style=\"text-align: justify;\">La comisi\u00f3n CID para la formaci\u00f3n y la investigaci\u00f3n se lleva a cabo por varios miembros del CID que se invierten en el mantenimiento de los altos est\u00e1ndares y criterios establecidos por S\u00e1ndor para la ense\u00f1anza, la formaci\u00f3n y la supervisi\u00f3n de Calatonia en la pr\u00e1ctica cl\u00ednica.<\/p>\n<p style=\"text-align: justify;\">Esta comisi\u00f3n establecer\u00e1 las directrices y planes de estudio para la formaci\u00f3n, cursos, talleres y conferencias de Calatonia y el m\u00e9todo de toque sutil basados en el material organizado e impartido por S\u00e1ndor.<\/p>\n<p style=\"text-align: justify;\">2) Requisitos para la ense\u00f1anza del m\u00e9todo de la Calatonia<\/p>\n<p style=\"text-align: justify;\">* La ense\u00f1anza y el entrenamiento requieren un amplio conocimiento te\u00f3rico (incluyendo todas las t\u00e9cnicas de toque sutil) y la experiencia previa con el m\u00e9todo de Toque Sutil y Calatonia como paciente y como terapeuta.<\/p>\n<p style=\"text-align: justify;\">* Las cualificaciones profesionales que se mencionan abajo son insdispensables para los profesores y los formadores, cualquer que sean las necesidades y caracter\u00edsticas de la audiencia o el nivel de informaci\u00f3n espec\u00edficos que haya de atribuirse sobre Calatonia.<\/p>\n<p style=\"text-align: justify;\">* Para ser un instructor\/profesor de los m\u00e9todos de la Calatonia y\/o Toque sutil aprobado por el CID, por tanto autorizado a utilizar el logotipo en los certificados de formaci\u00f3n, los siguientes cinco requisitos deben cumplirse:<\/p>\n<ol style=\"text-align: justify;\">\n<li>Demostrar al menos una de las siguientes condiciones:<\/li>\n<li>Haber asistido a un curso o participado de un grupo de estudio con S\u00e1ndor, en su cl\u00ednica, en la PUC de S\u00e3o Paulo y\/o en el Instituto Sedes Sapientiae, en S\u00e3o Paulo, durante un m\u00ednimo de dos a\u00f1os.<\/li>\n<li>Haber asistido, completado y recibido un certificado o diploma de uno de los dos cursos que se ofrecen en el Instituto Sedes Sapientiae de S\u00e3o Paulo \u00ab, Jung e Corpo\u00bb o \u00abCinesiologia Psicol\u00f3gica\u00bb.<\/li>\n<li>Evidencia de al menos 600 horas de formaci\u00f3n\/estudio en un periodo m\u00ednimo de dos a\u00f1os con un psicoterapeuta cuya cualificaci\u00f3n profesional cumple con el punto \u00aba\u00bb arriba.<\/li>\n<li>Evidencia de al menos dos a\u00f1os de psicoterapia personal dentro del m\u00e9todo Calatonia (toque sutil).<\/li>\n<li>Evidencia de experiencia cl\u00ednica supervisada utilizando Calatonia, durante al menos dos a\u00f1os.<\/li>\n<li>Evidencia de otras actividades de desarrollo profesional relacionadas y relevantes, como: cursos o grupos de estudio en psicolog\u00eda anal\u00edtica, terapias som\u00e1ticas y corporales, supervisi\u00f3n cl\u00ednica, m\u00e9todos psicoterap\u00e9uticos y t\u00e9cnicas, asesoramiento y ense\u00f1anza.<\/li>\n<li>Ser (o hacerse en) un miembro de lo CID, colaborando y apoyando a esta asociaci\u00f3n y su misi\u00f3n a trav\u00e9s de la membres\u00eda activa.<\/li>\n<\/ol>\n<p style=\"text-align: justify;\">Observaci\u00f3n art\u00edculo &#8216;a&#8217;: Los profesionales que se ajustan a esta categor\u00eda (a trav\u00e9s de derechos adquiridos) deben haber iniciado sus actividades antes de 1990, cuando S\u00e1ndor todav\u00eda estaba ense\u00f1ando.<\/p>\n","protected":false},"excerpt":{"rendered":"<p>Profissionales que Trabajan con Calatonia: Lista de Profesionales Calatonia se puede integrar en el proceso terap\u00e9utico por psic\u00f3logo titulados o terapeutas y psicoterapeutas licensiados. El profesional debe estudiar la teor\u00eda de apoyo de las t\u00e9cnicas, y obtener supervision para su experiencia cl\u00ednica. Los terapeutas tambi\u00e9n tiene que experimentar ellos mismos el proceso de Calatonia y &hellip; <a href=\"https:\/\/www.calatonia.org\/es\/profesionales\/\" class=\"more-link\">Seguir leyendo <span class=\"screen-reader-text\">Profesionales<\/span> <span class=\"meta-nav\">&rarr;<\/span><\/a><\/p>\n","protected":false},"author":1,"featured_media":0,"parent":0,"menu_order":0,"comment_status":"closed","ping_status":"closed","template":"","meta":{"_acf_changed":false,"footnotes":""},"class_list":["post-31","page","type-page","status-publish","hentry"],"acf":[],"_links":{"self":[{"href":"https:\/\/www.calatonia.org\/es\/wp-json\/wp\/v2\/pages\/31","targetHints":{"allow":["GET"]}}],"collection":[{"href":"https:\/\/www.calatonia.org\/es\/wp-json\/wp\/v2\/pages"}],"about":[{"href":"https:\/\/www.calatonia.org\/es\/wp-json\/wp\/v2\/types\/page"}],"author":[{"embeddable":true,"href":"https:\/\/www.calatonia.org\/es\/wp-json\/wp\/v2\/users\/1"}],"replies":[{"embeddable":true,"href":"https:\/\/www.calatonia.org\/es\/wp-json\/wp\/v2\/comments?post=31"}],"version-history":[{"count":13,"href":"https:\/\/www.calatonia.org\/es\/wp-json\/wp\/v2\/pages\/31\/revisions"}],"predecessor-version":[{"id":203,"href":"https:\/\/www.calatonia.org\/es\/wp-json\/wp\/v2\/pages\/31\/revisions\/203"}],"wp:attachment":[{"href":"https:\/\/www.calatonia.org\/es\/wp-json\/wp\/v2\/media?parent=31"}],"curies":[{"name":"wp","href":"https:\/\/api.w.org\/{rel}","templated":true}]}}