{"id":22,"date":"2015-09-07T14:25:17","date_gmt":"2015-09-07T14:25:17","guid":{"rendered":"http:\/\/www.calatonia.org\/?page_id=22"},"modified":"2019-12-18T23:22:06","modified_gmt":"2019-12-18T22:22:06","slug":"calatonia-y-psicoterapia","status":"publish","type":"page","link":"https:\/\/www.calatonia.org\/es\/calatonia\/calatonia-y-psicoterapia\/","title":{"rendered":"Calatonia y Psicoterapia"},"content":{"rendered":"<p style=\"text-align: justify;\">Calatonia puede integrarse a cualquier enfoque psicoterap\u00e9utico como una t\u00e9cnica que facilita la autorregulaci\u00f3n y el bienestar. Sin embargo, para ser incluido en un proceso psicoterap\u00e9utico, se requiere todav\u00eda una formaci\u00f3n que incluye no s\u00f3lo el aspecto pr\u00e1ctico de adquisici\u00f3n de las t\u00e9cnicas, sino tambi\u00e9n la adquisici\u00f3n de una base te\u00f3rica en la psicodin\u00e1mica.<br \/>\nJunto con esos requisitos, es esencial que los terapeutas que utilizan Calatonia y el toque sutil trabajen bajo la supervisi\u00f3n de un profesional con experiencia por un per\u00edodo de tiempo &#8211; ser\u00eda poco \u00e9tico profesionalmente lo contrario.<\/p>\n<p style=\"text-align: justify;\"><strong>La integraci\u00f3n psicof\u00edsica como propone Petho S\u00e1ndor<\/strong><\/p>\n<p style=\"text-align: justify;\">Cuando incluyemos el cuerpo en la psicoterapia es necesario establecer un di\u00e1logo con \u00e9l, a traves del tacto, el movimiento y la percepci\u00f3n sensorial. Cuando se aplican las t\u00e9cnicas de S\u00e1ndor a la psicoterapia, estas van a facilitar el autoconocimiento, a traves de notar y sentir el cuerpo, reconociendo los signos de estr\u00e9s y identificando las consecuencias del estr\u00e9s en t\u00e9rminos psicol\u00f3gicos, y, por \u00faltimo, mediante la creaci\u00f3n de recursos para aliviar tensiones, el trauma, el malestar y desequilibrio.<\/p>\n<p style=\"text-align: justify;\">El m\u00e9todo som\u00e1tico sutil incluye formas no convencionales de tratar con el cuerpo: toques mon\u00f3tonos en las manos y los pies (Calatonia), toques sin contacto &#8211; a trav\u00e9s de la calidez de las manos, el uso de los sonidos y una gran variedad de opciones que incluyen movimientos pasivos (el terapeuta mueve el el cuerpo del paciente), la vibraci\u00f3n r\u00edtmica de los procesos \u00f3seos, a traves de la soltura de las articulaciones, etc.<\/p>\n<p style=\"text-align: justify;\">Esta manera no convencional de tratar con el cuerpo permite el establecimiento de nuevas conexiones en el sistema nervioso central. Desde el punto de vista neurol\u00f3gico, estas nuevas conexiones son importantes porque hacen disponibles nuevas conexiones para recuperar los movimientos perdidos por razon de enfermedad, traumatismo f\u00edsico o psicol\u00f3gico, accidentes, etc. Desde el punto de vista psicol\u00f3gico, estas nuevas v\u00edas neurales a menudo posibilitan la b\u00fasqueda de una salida a los conflictos, la resoluci\u00f3n de problemas, una explosi\u00f3n de creatividad, etc.<\/p>\n<p style=\"text-align: justify;\">Debido a su car\u00e1cter no invasivo, el trabajo som\u00e1tico sutil no presenta efectos adversos.\u00a0 El \u00fanico consejo es elegir la t\u00e9cnica adecuada con buen juicio cl\u00ednico.<\/p>\n<p style=\"text-align: justify;\">Para los pacientes inquietos, partimos de donde est\u00e1n, ofreciendo t\u00e9cnicas que involucran su participaci\u00f3n activa, pasando a t\u00e9cnicas menos activas con el tiempo. Para los pacientes hipocondr\u00edacos, entrenamiento aut\u00f3geno puede alarmar y crear preocupaciones, en lugar de relajaci\u00f3n. Para los psic\u00f3ticos, el uso de las t\u00e9cnicas que les ayudar\u00e1n sentirse presentes en la realidad f\u00edsica es recomendado.\u00a0 Por ejemplo, el trabajo con la percepci\u00f3n de sus pies, las manos y la columna vertebral (estas partes del cuerpo son la representaci\u00f3n simb\u00f3lica de la base, la comunicaci\u00f3n y el eje, respectivamente &#8211; elementos necesarios para recuperarse de una crisis psic\u00f3tica). Los pacientes deprimidos o ansiosos se beneficiar\u00e1n de ejercicios de conciencia y la respiraci\u00f3n, y as\u00ed sucesivamente.<\/p>\n<p style=\"text-align: justify;\">Tocar el cuerpo de otra persona exige gran seriedad. No se recomienda el tocar &#8216;superfluo&#8217; &#8211; uno nunca debe ir m\u00e1s all\u00e1 de lo que se propone la t\u00e9cnica para evitar circunstancias que pueden llevar a las proyecciones y fantas\u00edas innecesarias.\u00a0 El cuerpo y sus sensaciones son muy f\u00e1cilmente interpretados er\u00f3ticamente &#8211; saber c\u00f3mo mantener l\u00edmites apropiados ayudar\u00e1 a hacer frente a situaciones en las que se producen estas proyecciones.<\/p>\n<p style=\"text-align: justify;\">S\u00f3lo podemos aprender a tratar el cuerpo a traves de interactuar con \u00e9l. Esto significa que el terapeuta tambi\u00e9n aprende c\u00f3mo tratar el cuerpo del paciente al experimentar el mismo tratamientos som\u00e1ticos. Del mismo modo, un terapeuta s\u00f3lo puede practicar la psicoterapia despu\u00e9s de someterse a s\u00ed mismo un proceso psicoterap\u00e9utico.<\/p>\n<p style=\"text-align: justify;\">Experimentar diferentes t\u00e9cnicas, aprender la relajaci\u00f3n y la &#8216;t\u00e9cnica de mindfulness&#8217;, lo m\u00e9todo de &#8216;Focusing&#8217;, ejercicios de liberaci\u00f3n del cuerpo y de la mente dentro de un espacio di\u00e1dico, todos son pasos muy \u00fatiles para el desarrollo de los terapeutas som\u00e1ticos, tanto profesional como personalmente. Adem\u00e1s, tomar conciencia de los propios problemas del terapeuta desde una perspectiva som\u00e1tica, mejorar\u00e1 la empat\u00eda del terapeuta hacia los dem\u00e1s, mejorar\u00e1 la coordinaci\u00f3n f\u00edsica para aplicar t\u00e9cnicas y, finalmente, ayudar\u00e1 a desarrollar habilidades para identificar las t\u00e9cnicas m\u00e1s apropiadas para ser utilizadas con cada paciente.<\/p>\n","protected":false},"excerpt":{"rendered":"<p>Calatonia puede integrarse a cualquier enfoque psicoterap\u00e9utico como una t\u00e9cnica que facilita la autorregulaci\u00f3n y el bienestar. Sin embargo, para ser incluido en un proceso psicoterap\u00e9utico, se requiere todav\u00eda una formaci\u00f3n que incluye no s\u00f3lo el aspecto pr\u00e1ctico de adquisici\u00f3n de las t\u00e9cnicas, sino tambi\u00e9n la adquisici\u00f3n de una base te\u00f3rica en la psicodin\u00e1mica. Junto &hellip; <a href=\"https:\/\/www.calatonia.org\/es\/calatonia\/calatonia-y-psicoterapia\/\" class=\"more-link\">Seguir leyendo <span class=\"screen-reader-text\">Calatonia y Psicoterapia<\/span> <span class=\"meta-nav\">&rarr;<\/span><\/a><\/p>\n","protected":false},"author":1,"featured_media":0,"parent":10,"menu_order":0,"comment_status":"closed","ping_status":"closed","template":"","meta":{"_acf_changed":false,"footnotes":""},"class_list":["post-22","page","type-page","status-publish","hentry"],"acf":[],"_links":{"self":[{"href":"https:\/\/www.calatonia.org\/es\/wp-json\/wp\/v2\/pages\/22","targetHints":{"allow":["GET"]}}],"collection":[{"href":"https:\/\/www.calatonia.org\/es\/wp-json\/wp\/v2\/pages"}],"about":[{"href":"https:\/\/www.calatonia.org\/es\/wp-json\/wp\/v2\/types\/page"}],"author":[{"embeddable":true,"href":"https:\/\/www.calatonia.org\/es\/wp-json\/wp\/v2\/users\/1"}],"replies":[{"embeddable":true,"href":"https:\/\/www.calatonia.org\/es\/wp-json\/wp\/v2\/comments?post=22"}],"version-history":[{"count":8,"href":"https:\/\/www.calatonia.org\/es\/wp-json\/wp\/v2\/pages\/22\/revisions"}],"predecessor-version":[{"id":218,"href":"https:\/\/www.calatonia.org\/es\/wp-json\/wp\/v2\/pages\/22\/revisions\/218"}],"up":[{"embeddable":true,"href":"https:\/\/www.calatonia.org\/es\/wp-json\/wp\/v2\/pages\/10"}],"wp:attachment":[{"href":"https:\/\/www.calatonia.org\/es\/wp-json\/wp\/v2\/media?parent=22"}],"curies":[{"name":"wp","href":"https:\/\/api.w.org\/{rel}","templated":true}]}}