{"id":20,"date":"2015-09-07T14:21:58","date_gmt":"2015-09-07T14:21:58","guid":{"rendered":"http:\/\/www.calatonia.org\/?page_id=20"},"modified":"2019-07-23T21:05:36","modified_gmt":"2019-07-23T19:05:36","slug":"contacto","status":"publish","type":"page","link":"https:\/\/www.calatonia.org\/es\/contacto\/","title":{"rendered":"Contacto"},"content":{"rendered":"<p><strong>E-mail:<\/strong>\u00a0 <a href=\"mailto:info@calatonia.org\">info@calatonia.org<\/a><\/p>\n<p>La propuesta de esta Home Page es facilitar la divulgaci\u00f3n de Calatonia\u00ae, de los Tonos Sutiles, y de los desarrollos actuales del trabajo propuesto por Peth\u00f6 S\u00e1ndor, seg\u00fan el enfoque de la Integraci\u00f3n Psicof\u00edsica.<\/p>\n<p>Este sitio es mantenido por los psicoterapeutas:<\/p>\n<p>Anita Ribeiro Blanchard, Consejera de salud mental con licencia en la Florida MH 6591, Psic\u00f3loga Consejera por la Sociedad Brit\u00e1nica de Psicolog\u00eda y Psic\u00f3loga Cl\u00ednica, licencia CRP06\/14939, Brasil.<\/p>\n<p>Luiz Hildebrando Campos Lemos, Psic\u00f3logo Cl\u00ednico, licencia CRP 06\/4772, Brasil.<\/p>\n<p>Sandra Maria Greger Tavares, Ph.D., Psic\u00f3loga Cl\u00ednica, post-grado en Psicolog\u00eda Social del Instituto de Psicolog\u00eda de USP, CRP 06\/26425-6, Brasil.<\/p>\n<p>&nbsp;<\/p>\n<p><em>Nuestra gratitud y profundo respecto a nuestra colega Rosa Maria Farah (in memoriam), una pionera en la divulgaci\u00f3n cl\u00ednica y acad\u00e9mica del trabajo de Peth\u00f6 S\u00e1ndor.<\/em><\/p>\n","protected":false},"excerpt":{"rendered":"<p>E-mail:\u00a0 info@calatonia.org La propuesta de esta Home Page es facilitar la divulgaci\u00f3n de Calatonia\u00ae, de los Tonos Sutiles, y de los desarrollos actuales del trabajo propuesto por Peth\u00f6 S\u00e1ndor, seg\u00fan el enfoque de la Integraci\u00f3n Psicof\u00edsica. Este sitio es mantenido por los psicoterapeutas: Anita Ribeiro Blanchard, Consejera de salud mental con licencia en la Florida &hellip; <a href=\"https:\/\/www.calatonia.org\/es\/contacto\/\" class=\"more-link\">Seguir leyendo <span class=\"screen-reader-text\">Contacto<\/span> <span class=\"meta-nav\">&rarr;<\/span><\/a><\/p>\n","protected":false},"author":1,"featured_media":0,"parent":0,"menu_order":0,"comment_status":"closed","ping_status":"closed","template":"","meta":{"_acf_changed":false,"footnotes":""},"class_list":["post-20","page","type-page","status-publish","hentry"],"acf":[],"_links":{"self":[{"href":"https:\/\/www.calatonia.org\/es\/wp-json\/wp\/v2\/pages\/20","targetHints":{"allow":["GET"]}}],"collection":[{"href":"https:\/\/www.calatonia.org\/es\/wp-json\/wp\/v2\/pages"}],"about":[{"href":"https:\/\/www.calatonia.org\/es\/wp-json\/wp\/v2\/types\/page"}],"author":[{"embeddable":true,"href":"https:\/\/www.calatonia.org\/es\/wp-json\/wp\/v2\/users\/1"}],"replies":[{"embeddable":true,"href":"https:\/\/www.calatonia.org\/es\/wp-json\/wp\/v2\/comments?post=20"}],"version-history":[{"count":12,"href":"https:\/\/www.calatonia.org\/es\/wp-json\/wp\/v2\/pages\/20\/revisions"}],"predecessor-version":[{"id":185,"href":"https:\/\/www.calatonia.org\/es\/wp-json\/wp\/v2\/pages\/20\/revisions\/185"}],"wp:attachment":[{"href":"https:\/\/www.calatonia.org\/es\/wp-json\/wp\/v2\/media?parent=20"}],"curies":[{"name":"wp","href":"https:\/\/api.w.org\/{rel}","templated":true}]}}