{"id":140,"date":"2016-04-26T01:54:28","date_gmt":"2016-04-26T01:54:28","guid":{"rendered":"http:\/\/www.calatonia.org\/es\/?page_id=140"},"modified":"2019-12-19T20:43:44","modified_gmt":"2019-12-19T19:43:44","slug":"news","status":"publish","type":"page","link":"https:\/\/www.calatonia.org\/es\/news\/","title":{"rendered":"Noticias"},"content":{"rendered":"<p><strong>Presentaci\u00f3n de Libro<\/strong><br \/>\n<img loading=\"lazy\" decoding=\"async\" class=\"alignright wp-image-1561 \" src=\"http:\/\/www.calatonia.org\/wp-content\/uploads\/2019\/06\/Calatonia-a-tjerapeutic-300x212.jpg\" alt=\"\" width=\"229\" height=\"162\" \/><\/p>\n<ul>\n<li><strong>\u00a0<\/strong><span id=\"ebooksProductTitle\" class=\"a-size-extra-large\"><a href=\"https:\/\/www.amazon.com.br\/Calatonia-Therapeutic-Approach-Psychological-Regulation-ebook\/dp\/B07RYQFP4Y\/ref=sr_1_3?__mk_pt_BR=%C3%85M%C3%85%C5%BD%C3%95%C3%91&amp;keywords=Calatonia&amp;qid=1558636222&amp;s=gateway&amp;sr=8-3\" target=\"_blank\" rel=\"noopener noreferrer\"><strong>Calatonia: A Therapeutic Approach that Promotes Somatic and Psychological<\/strong><\/a> Regulation (English Edition)\u00a0<\/span><span class=\"a-size-large a-color-secondary a-text-normal\">Paperback and\u00a0<\/span><span class=\"a-size-large a-color-secondary a-text-normal\">Book Kindle. Editors,\u00a0<\/span><span class=\"a-size-large a-color-secondary a-text-normal\"><span class=\"a-size-large a-color-secondary a-text-normal\"><span class=\"author notFaded\">Anita Ribeiro Blanchard<\/span><span class=\"author notFaded\"><span class=\"contribution\"><span class=\"a-color-secondary\">,\u00a0<\/span><\/span><\/span><span class=\"author notFaded\">Ana Maria Rios<span class=\"contribution\"><span class=\"a-color-secondary\">,\u00a0<\/span><\/span><\/span><span class=\"author notFaded\">Leda Seixas<\/span><\/span><\/span><\/li>\n<\/ul>\n<h6><\/h6>\n<pre>Calatonia is a body-based, psychophysical approach created during WWII by Peth\u00f6 S\u00e1ndor, a Hungarian physician. He developed Calatonia whilst working as a doctor for the Red Cross, in various refugee camps. Calatonia arose out of necessity, and was probably the first somatic therapy developed from, and initially for, those suffering from war trauma.A pioneering spirit, he recognised the importance of fostering the organism\u2019s self-regulation within the therapeutic context, in order to achieve psychological balance and to facilitate the integration of traumatic experiences. His work is life affirming and encourages resilience building, structured around the global reorganisation and mutual regulation of soma and psyche - dictated neither by symptoms nor by the grip of trauma.S\u00e1ndor settled in Brazil after the Second World War, where his gentle method has been used in psychotherapy, education, child development, health, personal growth, and stress prevention. There are many books, theses and dissertations written in Portuguese, and now, an ever-growing enthusiasm for it has been endorsed by recent studies in neuropsychology, cognitive neuroscience and neuroscience of touch, which have offered abundant evidence for future validation of the method. Calatonia uses Default Mode Network connectivity, integrates Mind Wandering, and explores the positive potential of the Orienting Reflex to reorganise mind-body. Chapters:First chapter, \u201cCalatonia\u201d, was published in 1969 in the Boletim de Psicologia, in S\u00e3o Paulo, by Peth\u0151 S\u00e1ndor, and is here reprinted (translated). Paulo Machado Filho\u2019s chapter gives a context for S\u00e1ndor\u2019s method. Rosa Farah (1949-2016) briefly describes the teaching of the method within the professional course of psychology in S\u00e3o Paulo.Sandra Tavares presents her work with Subtle Touch and Calatonia within the Brazilian public healthcare system, both in individual and group therapy. Claudia Herbert addresses the healing of trauma and offers an exploration of the scientific rationale and specific considerations for the application of Calatonia and Subtle Touch in trauma treatment. Maria Irene Gon\u00e7alves finds a parallel between alchemical symbolism and psychodynamic processes in somatic psychotherapy with children.C\u00e9line Lorthiois explains Deep Pedagogy, a pedagogic method that integrates Calatonia and Subtle Touch approach to child development.Irene Gaeta presents an adult patient, who suffered early trauma, and how through the use of Calatonia followed by art-therapy, she was enabled to access, reorganise and integrate her preverbal memories. Leda Seixas expands on the use of S\u00e1ndor\u2019s body-based techniques in the treatment of patients with schizophrenia and discuss central tenets of Jung\u2019s psychology in S\u00e1ndor\u2019s method. Anita Blanchard writes about the Jungian concept of psyche in psychotherapy and in the ethos of S\u00e1ndor\u2019s work. Vivian Nassif and Maria Georgina Gon\u00e7alves describe the Calatonia of Sight, formulated for the treatment of individuals suffering from visual impairment, and now used as a tool in psychotherapy. Ana Maria Rios describes the case of a child with attachment issues stemming from trauma, abandonment and loss, who was successfully treated with Calatonia. L\u00facia Helena Almeida presents the case of an uncommunicative teenager who was able to express herself through a series of drawings, created after receiving Calatonia and other somatic work in session. Marilena Armando examines some essential attributes of resilience, and the ways in which Calatonia contributes to the development of resilience and numinous experiences. Beatriz Henry and Luiz Lemos discuss how the use of Calatonia produces a distinctive field of transference in psychotherapy and enhances the probability of synchronous phenomena. Anita Blanchard presents a summary of the hypotheses about the neuroscientific underpinnings of Peth\u00f6 S\u00e1ndor\u2019s method.<\/pre>\n","protected":false},"excerpt":{"rendered":"<p>Presentaci\u00f3n de Libro \u00a0Calatonia: A Therapeutic Approach that Promotes Somatic and Psychological Regulation (English Edition)\u00a0Paperback and\u00a0Book Kindle. Editors,\u00a0Anita Ribeiro Blanchard,\u00a0Ana Maria Rios,\u00a0Leda Seixas Calatonia is a body-based, psychophysical approach created during WWII by Peth\u00f6 S\u00e1ndor, a Hungarian physician. He developed Calatonia whilst working as a doctor for the Red Cross, in various refugee camps. Calatonia &hellip; <a href=\"https:\/\/www.calatonia.org\/es\/news\/\" class=\"more-link\">Seguir leyendo <span class=\"screen-reader-text\">Noticias<\/span> <span class=\"meta-nav\">&rarr;<\/span><\/a><\/p>\n","protected":false},"author":1,"featured_media":0,"parent":0,"menu_order":0,"comment_status":"closed","ping_status":"closed","template":"","meta":{"_acf_changed":false,"footnotes":""},"class_list":["post-140","page","type-page","status-publish","hentry"],"acf":[],"_links":{"self":[{"href":"https:\/\/www.calatonia.org\/es\/wp-json\/wp\/v2\/pages\/140","targetHints":{"allow":["GET"]}}],"collection":[{"href":"https:\/\/www.calatonia.org\/es\/wp-json\/wp\/v2\/pages"}],"about":[{"href":"https:\/\/www.calatonia.org\/es\/wp-json\/wp\/v2\/types\/page"}],"author":[{"embeddable":true,"href":"https:\/\/www.calatonia.org\/es\/wp-json\/wp\/v2\/users\/1"}],"replies":[{"embeddable":true,"href":"https:\/\/www.calatonia.org\/es\/wp-json\/wp\/v2\/comments?post=140"}],"version-history":[{"count":8,"href":"https:\/\/www.calatonia.org\/es\/wp-json\/wp\/v2\/pages\/140\/revisions"}],"predecessor-version":[{"id":225,"href":"https:\/\/www.calatonia.org\/es\/wp-json\/wp\/v2\/pages\/140\/revisions\/225"}],"wp:attachment":[{"href":"https:\/\/www.calatonia.org\/es\/wp-json\/wp\/v2\/media?parent=140"}],"curies":[{"name":"wp","href":"https:\/\/api.w.org\/{rel}","templated":true}]}}