{"id":128,"date":"2016-04-18T02:16:55","date_gmt":"2016-04-18T02:16:55","guid":{"rendered":"http:\/\/www.calatonia.org\/es\/?page_id=128"},"modified":"2019-08-29T17:18:00","modified_gmt":"2019-08-29T15:18:00","slug":"cursos-y-eventos","status":"publish","type":"page","link":"https:\/\/www.calatonia.org\/es\/cursos-y-eventos\/","title":{"rendered":"Cursos y Eventos"},"content":{"rendered":"<ul>\n<li style=\"text-align: justify\"><strong>Calatonia International Training<br \/>\n<\/strong>Esta es una iniciativa dirigida por Anita Ribeiro Blanchard, dedicada exclusivamente al entrenamiento en Calatonia y Toques Sutiles, y sus bases: te\u00f3rica, neurocient\u00edfica y pr\u00e1ctica. La iniciativa se basa en los Estados Unidos, y ofrece cursos internacionales, incluso cursos en espa\u00f1ol en Barcelona.<br \/>\nSitio Web:\u00a0<a href=\"http:\/\/www.calatoniainternationaltraining.com\/\">http:\/\/www.calatoniainternationaltraining.com\/<\/a><br \/>\nCorreo:\u00a0<a href=\"mailto:info@calatoniainternationaltraining.com\">info@calatoniainternationaltraining.com<\/a><\/li>\n<\/ul>\n","protected":false},"excerpt":{"rendered":"<p>Calatonia International Training Esta es una iniciativa dirigida por Anita Ribeiro Blanchard, dedicada exclusivamente al entrenamiento en Calatonia y Toques Sutiles, y sus bases: te\u00f3rica, neurocient\u00edfica y pr\u00e1ctica. La iniciativa se basa en los Estados Unidos, y ofrece cursos internacionales, incluso cursos en espa\u00f1ol en Barcelona. Sitio Web:\u00a0http:\/\/www.calatoniainternationaltraining.com\/ Correo:\u00a0info@calatoniainternationaltraining.com<\/p>\n","protected":false},"author":1,"featured_media":0,"parent":0,"menu_order":0,"comment_status":"closed","ping_status":"closed","template":"","meta":{"_acf_changed":false,"footnotes":""},"class_list":["post-128","page","type-page","status-publish","hentry"],"acf":[],"_links":{"self":[{"href":"https:\/\/www.calatonia.org\/es\/wp-json\/wp\/v2\/pages\/128","targetHints":{"allow":["GET"]}}],"collection":[{"href":"https:\/\/www.calatonia.org\/es\/wp-json\/wp\/v2\/pages"}],"about":[{"href":"https:\/\/www.calatonia.org\/es\/wp-json\/wp\/v2\/types\/page"}],"author":[{"embeddable":true,"href":"https:\/\/www.calatonia.org\/es\/wp-json\/wp\/v2\/users\/1"}],"replies":[{"embeddable":true,"href":"https:\/\/www.calatonia.org\/es\/wp-json\/wp\/v2\/comments?post=128"}],"version-history":[{"count":3,"href":"https:\/\/www.calatonia.org\/es\/wp-json\/wp\/v2\/pages\/128\/revisions"}],"predecessor-version":[{"id":192,"href":"https:\/\/www.calatonia.org\/es\/wp-json\/wp\/v2\/pages\/128\/revisions\/192"}],"wp:attachment":[{"href":"https:\/\/www.calatonia.org\/es\/wp-json\/wp\/v2\/media?parent=128"}],"curies":[{"name":"wp","href":"https:\/\/api.w.org\/{rel}","templated":true}]}}