{"id":10,"date":"2015-09-07T12:50:04","date_gmt":"2015-09-07T12:50:04","guid":{"rendered":"http:\/\/www.calatonia.org\/?page_id=10"},"modified":"2019-10-26T16:41:01","modified_gmt":"2019-10-26T14:41:01","slug":"calatonia","status":"publish","type":"page","link":"https:\/\/www.calatonia.org\/es\/","title":{"rendered":"M\u00e9todo Calatonia\u00ae y Toque Sutil\u2122"},"content":{"rendered":"<p style=\"text-align: justify\"><em>\u00abEn el original griego, el verbo Khala\u00f3 <\/em><em>significa<\/em><em> la <\/em><em>&#8216;<\/em><em>relajaci\u00f3n y la alimentaci\u00f3n<\/em><em>&#8216;<\/em><em>; y<\/em><em> tambi\u00e9n<\/em> <em>&#8216;<\/em><em>retrocediendo desde un estado de ira, <\/em><em>de<\/em><em> furia o violencia<\/em><em>&#8216;<\/em><em>; <\/em><em>&#8216;la<\/em><em> apertura de una puerta<\/em><em>&#8216;<\/em><em>; <\/em><em>&#8216;<\/em><em>deshacer los lazos de un bote de cuero<\/em><em>&#8216;<\/em><em>; <\/em><em>&#8216;<\/em><em>dejar <\/em><em>ir&#8217;;<\/em> <em>&#8216;p<\/em><em>erdona<\/em><em>r<\/em><em> a los padres<\/em><em>&#8216;<\/em><em>; <\/em><em>&#8216;eliminar<\/em><em> todos los velos<\/em><em>&#8216;<\/em><em>, etc. \u00bb\u00a0 <\/em>Peth\u00f6 S\u00e1ndor<\/p>\n<p style=\"text-align: justify\">&#8216;Toque Sutil&#8217; es el nombre de un m\u00e9todo de psicoterapia som\u00e1tica desarrollado por Peth\u00f6 S\u00e1ndor, que se basa en una serie de t\u00e9cnicas de trabajo corporal suave unida a la psicolog\u00eda de Jung.<br \/>\nCalatonia es la t\u00e9cnica m\u00e1s popular de este grupo de toques sutiles y fue la primera t\u00e9cnica creada por S\u00e1ndor en 1947 en Europa, durante la Segunda Guerra Mundial. Se compone de nueve toques en los dedos y plantas de los pies, los talones y las pantorrillas, o, alternativamente, en los dedos y las palmas de las manos, mu\u00f1ecas y antebrazos. Por lo general, la sequ\u00eancia de toques en la Calatonia se realiza en unos 25 &#8211; 30 minutos.<br \/>\nS\u00e1ndor explic\u00f3 que Calatonia \u00ablimpia\u00bb el cuerpo y la mente, y con el tiempo, restaura la capacidad innata del organismo para restaurar su mejor forma de funcionamiento, una habilidad conocida como &#8216;autorregulaci\u00f3n&#8217;.<\/p>\n<p style=\"text-align: justify\">Tambi\u00e9n proporciona el terapeuta con una visi\u00f3n general acerca de las condiciones del paciente. El m\u00e9todo de toque sutil se ha utilizado en Brasil desde 1950.<br \/>\nA principios de los a\u00f1os 80, S\u00e1ndor empez\u00f3 a ense\u00f1ar en el Instituto Sedes Sapientiae, en S\u00e3o Paulo, Brasil, dos cursos de especializaci\u00f3n acad\u00e9mica sobre el m\u00e9todo toque sutil, a nivel de postgrado.<\/p>\n<p style=\"text-align: justify\">Actualmente, el curso\u00a0\u00abCalatonia: Integra\u00e7\u00e3o Mente e Corpo\u00bb (Calatonia: Integraci\u00f3n Mente y Cuerpo) ofrece sobre 400 horas de classes en dos a\u00f1os, para estudiantes que ya tienen una licenciatura en una \u00e1rea relacionada (psicolog\u00eda, terapia ocupacional, fisioterapia, logopedia, la educaci\u00f3n, la medicina, enfermer\u00eda y trabajo social), y da un certificado para practicar y ense\u00f1ar el m\u00e9todo en el pregrado y niveles de entrada.\u00a0 Los estudiantes deben someterse a por lo menos 150 horas de psicoterapia corporal durante el curso.<\/p>\n<p style=\"text-align: justify\">El segundo curso\u00a0Jung e Corpo &#8211; Especializa\u00e7\u00e3o em Psicoterapia Anal\u00edtica e Abordagem Corporal (Jung y Cuerpo- Especializaci\u00f3n en Psicolog\u00eda Anal\u00edtica y el enfoque som\u00e1tico) es ofrecido a nivel de diploma con 1200 horas, para aquellos que quieren estudiar la integraci\u00f3n de la psicolog\u00eda junguiana y el m\u00e9todo de toque sutil con mayor profundidad, calificando a los estudiantes a practicar y ense\u00f1ar en los niveles de pregrado y postgrado.<br \/>\nLa Pontificia Universidade Cat\u00f3lica de S\u00e3o Paulo ofrece un curso\u00a0Integra\u00e7\u00e3o Corpo-Psique: Psicoterapia de Enfoque junguiano (Integraci\u00f3n Cuerpo-Psique: Psicoterapia Junguiana) como parte del programa de bacharelado de psicolog\u00eda cl\u00ednica, de 960 horas.\u00a0 Los estudiantes de esse curso califican para practicar Calatonia y el m\u00e9todo Toque Sutil.<br \/>\nHay m\u00e1s de dos mil profesionales certificados en S\u00e3o Paulo y cientos de otros en otros estados de Brasil. Son profesionales de la salud de un fondo variado: psicoterapeutas, psic\u00f3logos, logopedicos, terapistas ocupacionales y f\u00edsicos, m\u00e9dicos, masajistas, educadores, trabajadores sociales, enfermeras, etc.<\/p>\n<p>En el \u00e1mbito acad\u00e9mico, hay m\u00e1s de quince tesis y disertaciones a nivel de master y doctorado acerca del tema de Toque Sutil y Calatonia, y varios libros publicados en portugu\u00e9s, as\u00ed como algunos art\u00edculos y cap\u00edtulos publicados internacionalmente.<\/p>\n<p style=\"text-align: justify\">Ambos programas del Instituto Sedes Sapientiae editan sus revistas anuales &#8216;Hermes&#8217; y &#8216;Jung e Corpo \u00ab(Jung y el Cuerpo), que presentan estudios de casos, investigaci\u00f3n cl\u00ednica, cuestiones te\u00f3ricas y proyectos desarrollados por los terapeutas que se graduaron de los programas.<br \/>\nAdem\u00e1s, Calatonia ha estado en las revistas y la prensa varias veces en los \u00faltimos veinte a\u00f1os.<\/p>\n<p style=\"text-align: justify\"><em><a href=\"http:\/\/www.calatonia.org\/es\/el-testimonio-de-una-paciente\/\">Pulsa aqu\u00ed para leer el testimonio de un paciente<\/a> <\/em><\/p>\n","protected":false},"excerpt":{"rendered":"<p>\u00abEn el original griego, el verbo Khala\u00f3 significa la &#8216;relajaci\u00f3n y la alimentaci\u00f3n&#8216;; y tambi\u00e9n &#8216;retrocediendo desde un estado de ira, de furia o violencia&#8216;; &#8216;la apertura de una puerta&#8216;; &#8216;deshacer los lazos de un bote de cuero&#8216;; &#8216;dejar ir&#8217;; &#8216;perdonar a los padres&#8216;; &#8216;eliminar todos los velos&#8216;, etc. \u00bb\u00a0 Peth\u00f6 S\u00e1ndor &#8216;Toque Sutil&#8217; es &hellip; <a href=\"https:\/\/www.calatonia.org\/es\/\" class=\"more-link\">Seguir leyendo <span class=\"screen-reader-text\">M\u00e9todo Calatonia\u00ae y Toque Sutil\u2122<\/span> <span class=\"meta-nav\">&rarr;<\/span><\/a><\/p>\n","protected":false},"author":1,"featured_media":0,"parent":0,"menu_order":0,"comment_status":"closed","ping_status":"closed","template":"","meta":{"_acf_changed":false,"footnotes":""},"class_list":["post-10","page","type-page","status-publish","hentry"],"acf":[],"_links":{"self":[{"href":"https:\/\/www.calatonia.org\/es\/wp-json\/wp\/v2\/pages\/10","targetHints":{"allow":["GET"]}}],"collection":[{"href":"https:\/\/www.calatonia.org\/es\/wp-json\/wp\/v2\/pages"}],"about":[{"href":"https:\/\/www.calatonia.org\/es\/wp-json\/wp\/v2\/types\/page"}],"author":[{"embeddable":true,"href":"https:\/\/www.calatonia.org\/es\/wp-json\/wp\/v2\/users\/1"}],"replies":[{"embeddable":true,"href":"https:\/\/www.calatonia.org\/es\/wp-json\/wp\/v2\/comments?post=10"}],"version-history":[{"count":8,"href":"https:\/\/www.calatonia.org\/es\/wp-json\/wp\/v2\/pages\/10\/revisions"}],"predecessor-version":[{"id":183,"href":"https:\/\/www.calatonia.org\/es\/wp-json\/wp\/v2\/pages\/10\/revisions\/183"}],"wp:attachment":[{"href":"https:\/\/www.calatonia.org\/es\/wp-json\/wp\/v2\/media?parent=10"}],"curies":[{"name":"wp","href":"https:\/\/api.w.org\/{rel}","templated":true}]}}