{"id":170,"date":"2019-07-01T00:00:47","date_gmt":"2019-06-30T23:00:47","guid":{"rendered":"http:\/\/www.calatonia.org\/en\/?page_id=170"},"modified":"2019-08-29T16:18:00","modified_gmt":"2019-08-29T15:18:00","slug":"courses-and-events","status":"publish","type":"page","link":"https:\/\/www.calatonia.org\/en\/courses-and-events\/","title":{"rendered":"Courses &amp; Events"},"content":{"rendered":"<ul>\n<li style=\"text-align: justify\"><strong>Calatonia International Training<br \/>\n<\/strong>This organization is dedicated to promoting courses and training in Calatonia and Subtle Touch. It is based in the USA and offers courses worldwide including Europe, Australia, and Brazil, coordinated by Anita Ribeiro Blanchard. For training schedule information, please access the link below.<\/li>\n<\/ul>\n<p style=\"padding-left: 30px;text-align: justify\"><a href=\"http:\/\/www.calatoniainternationaltraining.com\/\" target=\"_blank\" rel=\"noopener noreferrer\">Calatonia International Training<\/a><br \/>\nEmail:\u00a0<a href=\"mailto:info@calatoniainternationaltraining.com\">info@calatoniainternationaltraining.com<\/a><\/p>\n<ul style=\"text-align: justify\">\n<li style=\"text-align: justify\"><strong>Calatonia Brazil Europe<br \/>\n<\/strong>This organization is based in S\u00e3o Paulo and offers courses in Calatonia and Subtle Touch. The courses in Brazil and Europe are coordinated by Fernando Cortese.<\/li>\n<\/ul>\n<p style=\"padding-left: 30px;text-align: justify\"><a href=\"http:\/\/calatoniabrasileuropa.com.br\" target=\"_blank\" rel=\"noopener noreferrer\">Calatonia Brasil Europa<\/a><br \/>\nEmail:\u00a0<a href=\"mailto:contato@calatoniabrasileuropa.com.br\">contato@calatoniabrasileuropa.com.br<\/a><\/p>\n<ul style=\"text-align: justify\">\n<li style=\"text-align: justify\"><strong>Deep Pedagogy<\/strong><br \/>\nCreated by Celine Lorthiois, this organization offers various courses focused on human development and pedagogical processes, including Calatonia and Subtle Touch training in Brazil and France.<\/li>\n<\/ul>\n<p style=\"padding-left: 30px;text-align: justify\"><a href=\"http:\/\/www.pedagogiaprofunda.com\" target=\"_blank\" rel=\"noopener noreferrer\">Deep Pedagogy<\/a><br \/>\nEmail: \u00a0<u><a href=\"mailto:pedagogiaprofunda@gmail.com\">pedagogiaprofunda@gmail.com<\/a><\/u><\/p>\n<ul style=\"text-align: justify\">\n<li><strong>Center Rosa of Nazar\u00e9<br \/>\n<\/strong>This is a space-retreat for human development, which comprises integration with nature and community awareness. The offerings include regular Calatonia and Subtle Touch training. Coordinated by Maria Rosa de Freitas and located in the interior of S\u00e3o Paulo, Brazil.<\/li>\n<\/ul>\n<p style=\"padding-left: 30px;text-align: justify\"><a href=\"http:\/\/www.rosadenazare.org.br\/\" target=\"_blank\" rel=\"noopener noreferrer\">Centro Rosa de Nazar\u00e9<\/a><br \/>\nEmail:\u00a0<a href=\"mailto:contato@rosadenazare.org.br\">contato@rosadenazare.org.br<\/a><\/p>\n<p style=\"text-align: justify\"><strong>ACADEMIC PROGRAMS &#8211; BRAZIL\u00a0<\/strong><\/p>\n<p style=\"text-align: justify\"><strong>PUC-SP \u2013 Pontif\u00edcia Universidade Cat\u00f3lica de S\u00e3o Paulo<br \/>\n<\/strong>Core Program 24 The Body in Psychology is an optional course offered in two academic semesters as part of the clinical psychology training, which proposes the study of soma-body through the combination of theory and practice of somatic techniques, with emphasis on Subtle Touch and Calatonia.<\/p>\n<p style=\"text-align: justify\"><a href=\"https:\/\/www.pucsp.br\/graduacao\/psicologia\" target=\"_blank\" rel=\"noopener noreferrer\">PUC-SP School of Psychology<\/a><br \/>\nEmail:\u00a0<a href=\"mailto:atendpsico@pucsp.br\">atendpsico@pucsp.br<\/a><\/p>\n<p style=\"text-align: justify\"><strong>Instituto Sedes Sapientiae<br \/>\n<\/strong>Jung &amp; the Body &#8211; Specialization in analytical psychotherapy and body-soma approach. Jungian theory, experience with body-somatic practices, psychophysical integration (Subtle Touch), clinical supervision, functional dynamics between body and soul.<\/p>\n<p style=\"text-align: justify\"><a href=\"http:\/\/sedes.org.br\/site\/cursos-sedes\/jung-e-corpo-especializacao-em-psicoterapia-analitica-e-abordagem-corporal\/\" target=\"_blank\" rel=\"noopener noreferrer\">Sedes Sapientiae Institute &#8211; Jung &amp; the Body Program<\/a><br \/>\nTelefone: +55(11)3866 2730<\/p>\n<p style=\"text-align: justify\">\u00a0<strong>UNIP P\u00f3s-Gradua\u00e7\u00e3o Terapias<br \/>\n<\/strong>This program aims to understand the symbolism of the body, the language of physical symptoms and provide resources for the therapist to use somatic work and artistic media as facilitators of the therapeutic process. It is also intended to articulate a methodological approach to analytical psychology and artistic practice, integrated with experiential somatic techniques and body work.<\/p>\n<p style=\"text-align: justify\"><a href=\"http:\/\/bit.ly\/TerapiasCorporais\" target=\"_blank\" rel=\"noopener noreferrer\">UNIP Post-Graduate Therapies<\/a><br \/>\nEmail:\u00a0<a href=\"mailto:atendimento.pos@unip.br\">atendimento.pos@unip.br<\/a><\/p>\n<p style=\"text-align: center\"><strong><a href=\"http:\/\/www.calatonia.org\/en\/books\/\" target=\"_blank\" rel=\"noopener noreferrer\">ORDER BOOKS ON AMAZON\u00a0<\/a><\/strong><\/p>\n","protected":false},"excerpt":{"rendered":"<p>Calatonia International Training This organization is dedicated to promoting courses and training in Calatonia and Subtle Touch. It is based in the USA and offers courses worldwide including Europe, Australia, and Brazil, coordinated by Anita Ribeiro Blanchard. For training schedule information, please access the link below. Calatonia International Training Email:\u00a0info@calatoniainternationaltraining.com Calatonia Brazil Europe This organization &hellip; <a href=\"https:\/\/www.calatonia.org\/en\/courses-and-events\/\" class=\"more-link\">Continue lendo <span class=\"screen-reader-text\">Courses &amp; Events<\/span> <span class=\"meta-nav\">&rarr;<\/span><\/a><\/p>\n","protected":false},"author":1,"featured_media":0,"parent":0,"menu_order":0,"comment_status":"closed","ping_status":"closed","template":"","meta":{"_acf_changed":false,"footnotes":""},"class_list":["post-170","page","type-page","status-publish","hentry"],"acf":[],"_links":{"self":[{"href":"https:\/\/www.calatonia.org\/en\/wp-json\/wp\/v2\/pages\/170","targetHints":{"allow":["GET"]}}],"collection":[{"href":"https:\/\/www.calatonia.org\/en\/wp-json\/wp\/v2\/pages"}],"about":[{"href":"https:\/\/www.calatonia.org\/en\/wp-json\/wp\/v2\/types\/page"}],"author":[{"embeddable":true,"href":"https:\/\/www.calatonia.org\/en\/wp-json\/wp\/v2\/users\/1"}],"replies":[{"embeddable":true,"href":"https:\/\/www.calatonia.org\/en\/wp-json\/wp\/v2\/comments?post=170"}],"version-history":[{"count":14,"href":"https:\/\/www.calatonia.org\/en\/wp-json\/wp\/v2\/pages\/170\/revisions"}],"predecessor-version":[{"id":436,"href":"https:\/\/www.calatonia.org\/en\/wp-json\/wp\/v2\/pages\/170\/revisions\/436"}],"wp:attachment":[{"href":"https:\/\/www.calatonia.org\/en\/wp-json\/wp\/v2\/media?parent=170"}],"curies":[{"name":"wp","href":"https:\/\/api.w.org\/{rel}","templated":true}]}}