{"id":11,"date":"2015-09-07T12:50:51","date_gmt":"2015-09-07T12:50:51","guid":{"rendered":"http:\/\/www.calatonia.org\/en\/?page_id=11"},"modified":"2019-10-26T15:41:01","modified_gmt":"2019-10-26T14:41:01","slug":"calatonia-and-subtle-touch","status":"publish","type":"page","link":"https:\/\/www.calatonia.org\/en\/","title":{"rendered":"Calatonia &amp; Subtle Touch"},"content":{"rendered":"<p style=\"text-align: right\">&#8220;In the original Greek, the verb Khala\u00f3 indicates relaxation and feeding; retreating from a state of anger, fury or violence; opening a door; undoing the ties of a leather canister; letting go; forgiving one&#8217;s parents; removing all veils; etc.&#8221;\u00a0 \u00a0Peth\u00f6 S\u00e1ndor<\/p>\n<p style=\"text-align: justify;margin: 0in 0in .25in 0in\"><span style=\"font-family: 'Gadugi',sans-serif;color: #141412\">Subtle Touch is a somatic psychotherapy method developed by Peth\u00f6 S\u00e1ndor, based on a series of light touch sequences, gentle sensory stimuli, and passive movements, which is integrated with Jungian psychology as a theoretical foundation.<\/span><\/p>\n<p style=\"text-align: justify;margin: 0in 0in .25in 0in\"><span style=\"font-family: 'Gadugi',sans-serif;color: #141412\">Calatonia was the first Subtle Touch technique created by S\u00e1ndor in the 1940s in Europe, during WWII, at the Red Cross refugee camps.\u00a0<em><span style=\"font-family: 'Gadugi',sans-serif\">It was the first technique created to treat war trauma, born from war scarcity and compassion.<\/span><\/em>\u00a0 The technique consists of a sequence of nine touches on the feet (tips of toes, soles, heels, and calves) or, alternatively, it can be applied on the hands (fingertips, palms, wrists, and forearms), and a tenth touch to the head, performed in about 25 \u2013 30 minutes.<\/span><\/p>\n<p style=\"text-align: justify;margin: 0in 0in .25in 0in\"><span style=\"font-family: 'Gadugi',sans-serif;color: #141412\">After the war, Calatonia was integrated into psychotherapy, as a technique for psychophysical regulation, based on the organism\u2019s neurobiological and neuro-cognitive responses to complex stimuli. It potentially leads to deep relaxation, contemplative and self-reflective mental states, in which much spontaneous psychological insight may happen.<\/span><\/p>\n<p style=\"text-align: justify;margin: 0in 0in .25in 0in\"><span style=\"font-family: 'Gadugi',sans-serif;color: #141412\">Its results are achieved via the application of light touch stimuli in areas of the body in which there is a high concentration of fine tactile receptors of the discriminative touch system, the Merkel endings, and concomitant activation of C-tactile receptors, associated with neural coding for affiliative touch.<\/span><\/p>\n<p style=\"text-align: justify;margin: 0in 0in .25in 0in\"><span style=\"font-family: 'Gadugi',sans-serif;color: #141412\">Calatonia also relies on the resting-state functional connectivity as its starting point, the eliciting of orienting reflexes, and dyadic regulation (co-regulation) with the therapist, among other elements. It integrates mind wandering, perceptive and apperceptive processes, and spontaneous thoughts, images and feelings, which may occur during a session of Calatonia, into the context of the patient\u2019s psychotherapy.<\/span><\/p>\n<p style=\"text-align: justify;margin: 0in 0in .25in 0in\"><span style=\"font-family: 'Gadugi',sans-serif;color: #141412\">Subtle Touch method has been used in Brazil since the 1950s, and there are over two thousand certified practitioners in Brazil. They are professional psychotherapists, psychologists, speech, occupational, and physical therapists, physicians, massage therapists, educators, social workers, nurses, etc.\u00a0 In the past fifty years, many theses and dissertations (Master\u2019s level and PhD) were written about Subtle Touch and Calatonia in Portuguese.\u00a0 Presently, there are a few publications in English:<\/span><\/p>\n<p style=\"text-align: justify;margin: 0in 0in .25in 0in\"><a href=\"http:\/\/www.calatonia.org\/en\/books\/\" target=\"_blank\" rel=\"noopener noreferrer\"><strong>Order Books.<\/strong><\/a><\/p>\n<p><a href=\"https:\/\/www.youtube.com\/watch?time_continue=21&amp;v=3h8eluFW7Ok\" target=\"_blank\" rel=\"noopener noreferrer\"><strong>CALATONIA<\/strong><\/a><\/p>\n<p><iframe loading=\"lazy\" title=\"Calatonia\" width=\"604\" height=\"340\" src=\"https:\/\/www.youtube.com\/embed\/3h8eluFW7Ok?feature=oembed\" frameborder=\"0\" allow=\"accelerometer; autoplay; clipboard-write; encrypted-media; gyroscope; picture-in-picture; web-share\" referrerpolicy=\"strict-origin-when-cross-origin\" allowfullscreen><\/iframe><\/p>\n","protected":false},"excerpt":{"rendered":"<p>&#8220;In the original Greek, the verb Khala\u00f3 indicates relaxation and feeding; retreating from a state of anger, fury or violence; opening a door; undoing the ties of a leather canister; letting go; forgiving one&#8217;s parents; removing all veils; etc.&#8221;\u00a0 \u00a0Peth\u00f6 S\u00e1ndor Subtle Touch is a somatic psychotherapy method developed by Peth\u00f6 S\u00e1ndor, based on a &hellip; <a href=\"https:\/\/www.calatonia.org\/en\/\" class=\"more-link\">Continue lendo <span class=\"screen-reader-text\">Calatonia &amp; Subtle Touch<\/span> <span class=\"meta-nav\">&rarr;<\/span><\/a><\/p>\n","protected":false},"author":1,"featured_media":0,"parent":0,"menu_order":0,"comment_status":"closed","ping_status":"closed","template":"","meta":{"_acf_changed":false,"footnotes":""},"class_list":["post-11","page","type-page","status-publish","hentry"],"acf":[],"_links":{"self":[{"href":"https:\/\/www.calatonia.org\/en\/wp-json\/wp\/v2\/pages\/11","targetHints":{"allow":["GET"]}}],"collection":[{"href":"https:\/\/www.calatonia.org\/en\/wp-json\/wp\/v2\/pages"}],"about":[{"href":"https:\/\/www.calatonia.org\/en\/wp-json\/wp\/v2\/types\/page"}],"author":[{"embeddable":true,"href":"https:\/\/www.calatonia.org\/en\/wp-json\/wp\/v2\/users\/1"}],"replies":[{"embeddable":true,"href":"https:\/\/www.calatonia.org\/en\/wp-json\/wp\/v2\/comments?post=11"}],"version-history":[{"count":33,"href":"https:\/\/www.calatonia.org\/en\/wp-json\/wp\/v2\/pages\/11\/revisions"}],"predecessor-version":[{"id":442,"href":"https:\/\/www.calatonia.org\/en\/wp-json\/wp\/v2\/pages\/11\/revisions\/442"}],"wp:attachment":[{"href":"https:\/\/www.calatonia.org\/en\/wp-json\/wp\/v2\/media?parent=11"}],"curies":[{"name":"wp","href":"https:\/\/api.w.org\/{rel}","templated":true}]}}